{"id":84,"date":"2021-07-23T17:41:06","date_gmt":"2021-07-23T17:41:06","guid":{"rendered":"http:\/\/smig.org.mx\/tienda\/?post_type=product&#038;p=84"},"modified":"2021-07-26T22:44:59","modified_gmt":"2021-07-26T22:44:59","slug":"tercera-conferencia-nabor-carrillo","status":"publish","type":"product","link":"https:\/\/smig.org.mx\/tienda\/producto\/tercera-conferencia-nabor-carrillo\/","title":{"rendered":"TERCERA CONFERENCIA NABOR CARRILLO"},"content":{"rendered":"<p><strong>TERCERA CONFERENCIA NABOR CARRILLO FLORES<\/strong><br \/>\n\u00c1RP\u00c1D K\u00c9ZDI, \u201cFilosof\u00eda de las cimentaciones profundas\u201d (1976)<\/p>\n","protected":false},"excerpt":{"rendered":"<p><strong>TERCERA CONFERENCIA NABOR CARRILLO FLORES<\/strong><br \/>\n\u00c1RP\u00c1D K\u00c9ZDI, \u201cFilosof\u00eda de las cimentaciones profundas\u201d (1976)<\/p>\n","protected":false},"featured_media":85,"comment_status":"open","ping_status":"closed","template":"","meta":{"pagelayer_contact_templates":[],"_pagelayer_content":""},"product_brand":[],"product_cat":[20],"product_tag":[],"class_list":{"0":"post-84","1":"product","2":"type-product","3":"status-publish","4":"has-post-thumbnail","6":"product_cat-conferencias-nabor-carrillo","8":"first","9":"instock","10":"shipping-taxable","11":"purchasable","12":"product-type-simple"},"_links":{"self":[{"href":"https:\/\/smig.org.mx\/tienda\/wp-json\/wp\/v2\/product\/84","targetHints":{"allow":["GET"]}}],"collection":[{"href":"https:\/\/smig.org.mx\/tienda\/wp-json\/wp\/v2\/product"}],"about":[{"href":"https:\/\/smig.org.mx\/tienda\/wp-json\/wp\/v2\/types\/product"}],"replies":[{"embeddable":true,"href":"https:\/\/smig.org.mx\/tienda\/wp-json\/wp\/v2\/comments?post=84"}],"wp:featuredmedia":[{"embeddable":true,"href":"https:\/\/smig.org.mx\/tienda\/wp-json\/wp\/v2\/media\/85"}],"wp:attachment":[{"href":"https:\/\/smig.org.mx\/tienda\/wp-json\/wp\/v2\/media?parent=84"}],"wp:term":[{"taxonomy":"product_brand","embeddable":true,"href":"https:\/\/smig.org.mx\/tienda\/wp-json\/wp\/v2\/product_brand?post=84"},{"taxonomy":"product_cat","embeddable":true,"href":"https:\/\/smig.org.mx\/tienda\/wp-json\/wp\/v2\/product_cat?post=84"},{"taxonomy":"product_tag","embeddable":true,"href":"https:\/\/smig.org.mx\/tienda\/wp-json\/wp\/v2\/product_tag?post=84"}],"curies":[{"name":"wp","href":"https:\/\/api.w.org\/{rel}","templated":true}]}}