{"id":584,"date":"2022-12-05T22:13:14","date_gmt":"2022-12-05T22:13:14","guid":{"rendered":"https:\/\/smig.org.mx\/tienda\/?post_type=product&#038;p=584"},"modified":"2023-02-04T00:12:42","modified_gmt":"2023-02-04T00:12:42","slug":"ingenieria-geotecnica-de-tuneles","status":"publish","type":"product","link":"https:\/\/smig.org.mx\/tienda\/producto\/ingenieria-geotecnica-de-tuneles\/","title":{"rendered":"INGENIER\u00cdA GEOT\u00c9CNICA DE T\u00daNELES"},"content":{"rendered":"","protected":false},"excerpt":{"rendered":"<p><strong>INGENIER\u00cdA GEOT\u00c9CNICA DE T\u00daNELES.<\/strong><\/p>\n<p><strong>Coordinador:<\/strong> Jos\u00e9 Luis Rangel N\u00fa\u00f1ez<\/p>\n<p>&nbsp;<\/p>\n","protected":false},"featured_media":586,"comment_status":"open","ping_status":"closed","template":"","meta":{"pagelayer_contact_templates":[],"_pagelayer_content":""},"product_brand":[],"product_cat":[16],"product_tag":[],"class_list":{"0":"post-584","1":"product","2":"type-product","3":"status-publish","4":"has-post-thumbnail","6":"product_cat-sin-categorizar","7":"product_shipping_class-envio-tuneles","9":"first","10":"instock","11":"shipping-taxable","12":"purchasable","13":"product-type-simple"},"_links":{"self":[{"href":"https:\/\/smig.org.mx\/tienda\/wp-json\/wp\/v2\/product\/584","targetHints":{"allow":["GET"]}}],"collection":[{"href":"https:\/\/smig.org.mx\/tienda\/wp-json\/wp\/v2\/product"}],"about":[{"href":"https:\/\/smig.org.mx\/tienda\/wp-json\/wp\/v2\/types\/product"}],"replies":[{"embeddable":true,"href":"https:\/\/smig.org.mx\/tienda\/wp-json\/wp\/v2\/comments?post=584"}],"wp:featuredmedia":[{"embeddable":true,"href":"https:\/\/smig.org.mx\/tienda\/wp-json\/wp\/v2\/media\/586"}],"wp:attachment":[{"href":"https:\/\/smig.org.mx\/tienda\/wp-json\/wp\/v2\/media?parent=584"}],"wp:term":[{"taxonomy":"product_brand","embeddable":true,"href":"https:\/\/smig.org.mx\/tienda\/wp-json\/wp\/v2\/product_brand?post=584"},{"taxonomy":"product_cat","embeddable":true,"href":"https:\/\/smig.org.mx\/tienda\/wp-json\/wp\/v2\/product_cat?post=584"},{"taxonomy":"product_tag","embeddable":true,"href":"https:\/\/smig.org.mx\/tienda\/wp-json\/wp\/v2\/product_tag?post=584"}],"curies":[{"name":"wp","href":"https:\/\/api.w.org\/{rel}","templated":true}]}}