{"id":308,"date":"2021-08-03T18:45:11","date_gmt":"2021-08-03T18:45:11","guid":{"rendered":"https:\/\/smig.org.mx\/tienda\/?post_type=product&#038;p=308"},"modified":"2021-11-19T21:40:28","modified_gmt":"2021-11-19T21:40:28","slug":"conferencia-enrique-tamez-gonzalez","status":"publish","type":"product","link":"https:\/\/smig.org.mx\/tienda\/producto\/conferencia-enrique-tamez-gonzalez\/","title":{"rendered":"CONFERENCIA ENRIQUE TAMEZ GONZ\u00c1LEZ"},"content":{"rendered":"<p><strong>CONFERENCIA ENRIQUE TAMEZ GONZ\u00c1LEZ.<\/strong><\/p>\n<p>DR. JOS\u00c9 LUIS RANGEL NU\u00d1EZ \u00abEvoluci\u00f3n del dise\u00f1o de t\u00faneles en suelos blandos en la Ciudad de M\u00e9xico\u00bb (2021)<\/p>\n<h2><span style=\"color: #ff0000;\"><a style=\"color: #ff0000;\" href=\"http:\/\/smig.org.mx\/tienda\/wp-content\/uploads\/2021\/08\/conferencia-enrique-tamez-gonzalez-2021-smig.pdf\" target=\"_blank\" rel=\"noopener\">Ver \u00edndice<\/a><\/span><\/h2>\n","protected":false},"excerpt":{"rendered":"<p><strong>CONFERENCIA ENRIQUE TAMEZ GONZ\u00c1LEZ.<\/strong><\/p>\n<p>DR. JOS\u00c9 LUIS RANGEL NU\u00d1EZ \u00abEvoluci\u00f3n del dise\u00f1o de t\u00faneles en suelos blandos en la Ciudad de M\u00e9xico\u00bb (2021)<\/p>\n<h2><a href=\"http:\/\/smig.org.mx\/tienda\/wp-content\/uploads\/2021\/08\/conferencia-enrique-tamez-gonzalez-2021-smig.pdf\" target=\"_blank\" rel=\"noopener\"><span style=\"color: #ff0000;\">Ver \u00edndice<\/span><\/a><\/h2>\n","protected":false},"featured_media":420,"comment_status":"open","ping_status":"closed","template":"","meta":{"pagelayer_contact_templates":[],"_pagelayer_content":""},"product_brand":[],"product_cat":[16,28],"product_tag":[],"class_list":{"0":"post-308","1":"product","2":"type-product","3":"status-publish","4":"has-post-thumbnail","6":"product_cat-sin-categorizar","7":"product_cat-top-10","9":"first","10":"instock","11":"shipping-taxable","12":"purchasable","13":"product-type-simple"},"_links":{"self":[{"href":"https:\/\/smig.org.mx\/tienda\/wp-json\/wp\/v2\/product\/308","targetHints":{"allow":["GET"]}}],"collection":[{"href":"https:\/\/smig.org.mx\/tienda\/wp-json\/wp\/v2\/product"}],"about":[{"href":"https:\/\/smig.org.mx\/tienda\/wp-json\/wp\/v2\/types\/product"}],"replies":[{"embeddable":true,"href":"https:\/\/smig.org.mx\/tienda\/wp-json\/wp\/v2\/comments?post=308"}],"wp:featuredmedia":[{"embeddable":true,"href":"https:\/\/smig.org.mx\/tienda\/wp-json\/wp\/v2\/media\/420"}],"wp:attachment":[{"href":"https:\/\/smig.org.mx\/tienda\/wp-json\/wp\/v2\/media?parent=308"}],"wp:term":[{"taxonomy":"product_brand","embeddable":true,"href":"https:\/\/smig.org.mx\/tienda\/wp-json\/wp\/v2\/product_brand?post=308"},{"taxonomy":"product_cat","embeddable":true,"href":"https:\/\/smig.org.mx\/tienda\/wp-json\/wp\/v2\/product_cat?post=308"},{"taxonomy":"product_tag","embeddable":true,"href":"https:\/\/smig.org.mx\/tienda\/wp-json\/wp\/v2\/product_tag?post=308"}],"curies":[{"name":"wp","href":"https:\/\/api.w.org\/{rel}","templated":true}]}}