{"id":307,"date":"2021-08-03T18:43:51","date_gmt":"2021-08-03T18:43:51","guid":{"rendered":"https:\/\/smig.org.mx\/tienda\/?post_type=product&#038;p=307"},"modified":"2022-01-03T22:08:52","modified_gmt":"2022-01-03T22:08:52","slug":"novena-conferencia-raul-j-marsal","status":"publish","type":"product","link":"https:\/\/smig.org.mx\/tienda\/producto\/novena-conferencia-raul-j-marsal\/","title":{"rendered":"NOVENA CONFERENCIA RA\u00daL J. MARSAL"},"content":{"rendered":"<p><strong>NOVENA CONFERENCIA RA\u00daL J. MARSAL.<\/strong><\/p>\n<p>DR. MANUEL JES\u00daS MENDOZA L\u00d3PEZ \u00abTezontles o escorias volc\u00e1nicas del Valle de M\u00e9xico: G\u00e9nesis, propiedades ingenieriles y usos en construcci\u00f3n\u00bb (2021)<\/p>\n<h2><span style=\"color: #ff0000;\"><a style=\"color: #ff0000;\" href=\"http:\/\/smig.org.mx\/tienda\/wp-content\/uploads\/2021\/08\/novena-conferencia-raul-j-marsal.pdf\" target=\"_blank\" rel=\"noopener\">Ver \u00edndice<\/a><\/span><\/h2>\n","protected":false},"excerpt":{"rendered":"<p><strong>NOVENA CONFERENCIA RA\u00daL J. MARSAL.<\/strong><\/p>\n<p>DR. MANUEL JES\u00daS MENDOZA L\u00d3PEZ \u00abTezontles o escorias volc\u00e1nicas del Valle de M\u00e9xico: G\u00e9nesis, propiedades ingenieriles y usos en construcci\u00f3n\u00bb (2021)<\/p>\n<h2><a href=\"http:\/\/smig.org.mx\/tienda\/wp-content\/uploads\/2021\/08\/novena-conferencia-raul-j-marsal.pdf\" target=\"_blank\" rel=\"noopener\"><span style=\"color: #ff0000;\">Ver \u00edndice<\/span><\/a><\/h2>\n","protected":false},"featured_media":424,"comment_status":"open","ping_status":"closed","template":"","meta":{"pagelayer_contact_templates":[],"_pagelayer_content":""},"product_brand":[],"product_cat":[16,28],"product_tag":[],"class_list":{"0":"post-307","1":"product","2":"type-product","3":"status-publish","4":"has-post-thumbnail","6":"product_cat-sin-categorizar","7":"product_cat-top-10","9":"first","10":"instock","11":"shipping-taxable","12":"purchasable","13":"product-type-simple"},"_links":{"self":[{"href":"https:\/\/smig.org.mx\/tienda\/wp-json\/wp\/v2\/product\/307","targetHints":{"allow":["GET"]}}],"collection":[{"href":"https:\/\/smig.org.mx\/tienda\/wp-json\/wp\/v2\/product"}],"about":[{"href":"https:\/\/smig.org.mx\/tienda\/wp-json\/wp\/v2\/types\/product"}],"replies":[{"embeddable":true,"href":"https:\/\/smig.org.mx\/tienda\/wp-json\/wp\/v2\/comments?post=307"}],"wp:featuredmedia":[{"embeddable":true,"href":"https:\/\/smig.org.mx\/tienda\/wp-json\/wp\/v2\/media\/424"}],"wp:attachment":[{"href":"https:\/\/smig.org.mx\/tienda\/wp-json\/wp\/v2\/media?parent=307"}],"wp:term":[{"taxonomy":"product_brand","embeddable":true,"href":"https:\/\/smig.org.mx\/tienda\/wp-json\/wp\/v2\/product_brand?post=307"},{"taxonomy":"product_cat","embeddable":true,"href":"https:\/\/smig.org.mx\/tienda\/wp-json\/wp\/v2\/product_cat?post=307"},{"taxonomy":"product_tag","embeddable":true,"href":"https:\/\/smig.org.mx\/tienda\/wp-json\/wp\/v2\/product_tag?post=307"}],"curies":[{"name":"wp","href":"https:\/\/api.w.org\/{rel}","templated":true}]}}