{"id":270,"date":"2021-07-28T02:57:51","date_gmt":"2021-07-28T02:57:51","guid":{"rendered":"https:\/\/smig.org.mx\/tienda\/?post_type=product&#038;p=270"},"modified":"2021-07-28T02:57:51","modified_gmt":"2021-07-28T02:57:51","slug":"xix-reunion-nacional-de-mecanica-de-suelos-y-xi-reunion-nacional-de-profesores","status":"publish","type":"product","link":"https:\/\/smig.org.mx\/tienda\/producto\/xix-reunion-nacional-de-mecanica-de-suelos-y-xi-reunion-nacional-de-profesores\/","title":{"rendered":"XIX REUNI\u00d3N NACIONAL DE MEC\u00c1NICA DE SUELOS Y XI REUNI\u00d3N NACIONAL DE PROFESORES."},"content":{"rendered":"<p><strong>XIX REUNI\u00d3N NACIONAL DE MEC\u00c1NICA DE SUELOS Y XI REUNI\u00d3N NACIONAL DE PROFESORES.<\/strong><\/p>\n<p>PUEBLA (1998) TOMO I<\/p>\n","protected":false},"excerpt":{"rendered":"<p><strong>XIX REUNI\u00d3N NACIONAL DE MEC\u00c1NICA DE SUELOS Y XI REUNI\u00d3N NACIONAL DE PROFESORES.<\/strong><\/p>\n<p>PUEBLA (1998) TOMO I<\/p>\n","protected":false},"featured_media":227,"comment_status":"open","ping_status":"closed","template":"","meta":{"pagelayer_contact_templates":[],"_pagelayer_content":""},"product_brand":[],"product_cat":[16],"product_tag":[],"class_list":{"0":"post-270","1":"product","2":"type-product","3":"status-publish","4":"has-post-thumbnail","6":"product_cat-sin-categorizar","8":"first","9":"instock","10":"shipping-taxable","11":"purchasable","12":"product-type-simple"},"_links":{"self":[{"href":"https:\/\/smig.org.mx\/tienda\/wp-json\/wp\/v2\/product\/270","targetHints":{"allow":["GET"]}}],"collection":[{"href":"https:\/\/smig.org.mx\/tienda\/wp-json\/wp\/v2\/product"}],"about":[{"href":"https:\/\/smig.org.mx\/tienda\/wp-json\/wp\/v2\/types\/product"}],"replies":[{"embeddable":true,"href":"https:\/\/smig.org.mx\/tienda\/wp-json\/wp\/v2\/comments?post=270"}],"wp:featuredmedia":[{"embeddable":true,"href":"https:\/\/smig.org.mx\/tienda\/wp-json\/wp\/v2\/media\/227"}],"wp:attachment":[{"href":"https:\/\/smig.org.mx\/tienda\/wp-json\/wp\/v2\/media?parent=270"}],"wp:term":[{"taxonomy":"product_brand","embeddable":true,"href":"https:\/\/smig.org.mx\/tienda\/wp-json\/wp\/v2\/product_brand?post=270"},{"taxonomy":"product_cat","embeddable":true,"href":"https:\/\/smig.org.mx\/tienda\/wp-json\/wp\/v2\/product_cat?post=270"},{"taxonomy":"product_tag","embeddable":true,"href":"https:\/\/smig.org.mx\/tienda\/wp-json\/wp\/v2\/product_tag?post=270"}],"curies":[{"name":"wp","href":"https:\/\/api.w.org\/{rel}","templated":true}]}}