{"id":259,"date":"2021-07-28T02:33:26","date_gmt":"2021-07-28T02:33:26","guid":{"rendered":"https:\/\/smig.org.mx\/tienda\/?post_type=product&#038;p=259"},"modified":"2021-08-13T16:26:27","modified_gmt":"2021-08-13T16:26:27","slug":"xxiii-reunion-nacional-de-mecanica-de-suelos-tuxtla","status":"publish","type":"product","link":"https:\/\/smig.org.mx\/tienda\/producto\/xxiii-reunion-nacional-de-mecanica-de-suelos-tuxtla\/","title":{"rendered":"XXIII REUNI\u00d3N NACIONAL DE MEC\u00c1NICA DE SUELOS TUXTLA."},"content":{"rendered":"<p><strong>XXIII REUNI\u00d3N NACIONAL DE MEC\u00c1NICA DE SUELOS TUXTLA.<\/strong><\/p>\n<p>CHIAPAS (2006) TOMO II<\/p>\n","protected":false},"excerpt":{"rendered":"<p><strong>XXIII REUNI\u00d3N NACIONAL DE MEC\u00c1NICA DE SUELOS TUXTLA.<\/strong><\/p>\n<p>CHIAPAS (2006) TOMO II<\/p>\n","protected":false},"featured_media":354,"comment_status":"open","ping_status":"closed","template":"","meta":{"pagelayer_contact_templates":[],"_pagelayer_content":""},"product_brand":[],"product_cat":[16],"product_tag":[],"class_list":{"0":"post-259","1":"product","2":"type-product","3":"status-publish","4":"has-post-thumbnail","6":"product_cat-sin-categorizar","8":"first","9":"instock","10":"shipping-taxable","11":"purchasable","12":"product-type-simple"},"_links":{"self":[{"href":"https:\/\/smig.org.mx\/tienda\/wp-json\/wp\/v2\/product\/259","targetHints":{"allow":["GET"]}}],"collection":[{"href":"https:\/\/smig.org.mx\/tienda\/wp-json\/wp\/v2\/product"}],"about":[{"href":"https:\/\/smig.org.mx\/tienda\/wp-json\/wp\/v2\/types\/product"}],"replies":[{"embeddable":true,"href":"https:\/\/smig.org.mx\/tienda\/wp-json\/wp\/v2\/comments?post=259"}],"wp:featuredmedia":[{"embeddable":true,"href":"https:\/\/smig.org.mx\/tienda\/wp-json\/wp\/v2\/media\/354"}],"wp:attachment":[{"href":"https:\/\/smig.org.mx\/tienda\/wp-json\/wp\/v2\/media?parent=259"}],"wp:term":[{"taxonomy":"product_brand","embeddable":true,"href":"https:\/\/smig.org.mx\/tienda\/wp-json\/wp\/v2\/product_brand?post=259"},{"taxonomy":"product_cat","embeddable":true,"href":"https:\/\/smig.org.mx\/tienda\/wp-json\/wp\/v2\/product_cat?post=259"},{"taxonomy":"product_tag","embeddable":true,"href":"https:\/\/smig.org.mx\/tienda\/wp-json\/wp\/v2\/product_tag?post=259"}],"curies":[{"name":"wp","href":"https:\/\/api.w.org\/{rel}","templated":true}]}}