{"id":238,"date":"2021-07-28T00:56:17","date_gmt":"2021-07-28T00:56:17","guid":{"rendered":"https:\/\/smig.org.mx\/tienda\/?post_type=product&#038;p=238"},"modified":"2021-09-01T17:54:17","modified_gmt":"2021-09-01T17:54:17","slug":"xxiii-reunion-nacional-de-mecanica-de-suelos","status":"publish","type":"product","link":"https:\/\/smig.org.mx\/tienda\/producto\/xxiii-reunion-nacional-de-mecanica-de-suelos\/","title":{"rendered":"XXIII REUNI\u00d3N NACIONAL DE MEC\u00c1NICA DE SUELOS."},"content":{"rendered":"<p><strong>XXIII REUNI\u00d3N NACIONAL DE MEC\u00c1NICA DE SUELOS.<\/strong><\/p>\n<p>TUXTLA, CHIAPAS (2006) TOMO I<\/p>\n","protected":false},"excerpt":{"rendered":"<p><strong>XXIII REUNI\u00d3N NACIONAL DE MEC\u00c1NICA DE SUELOS.<\/strong><\/p>\n<p>TUXTLA, CHIAPAS (2006) TOMO I<\/p>\n","protected":false},"featured_media":426,"comment_status":"open","ping_status":"closed","template":"","meta":{"pagelayer_contact_templates":[],"_pagelayer_content":""},"product_brand":[],"product_cat":[16],"product_tag":[],"class_list":{"0":"post-238","1":"product","2":"type-product","3":"status-publish","4":"has-post-thumbnail","6":"product_cat-sin-categorizar","8":"first","9":"instock","10":"shipping-taxable","11":"purchasable","12":"product-type-simple"},"_links":{"self":[{"href":"https:\/\/smig.org.mx\/tienda\/wp-json\/wp\/v2\/product\/238","targetHints":{"allow":["GET"]}}],"collection":[{"href":"https:\/\/smig.org.mx\/tienda\/wp-json\/wp\/v2\/product"}],"about":[{"href":"https:\/\/smig.org.mx\/tienda\/wp-json\/wp\/v2\/types\/product"}],"replies":[{"embeddable":true,"href":"https:\/\/smig.org.mx\/tienda\/wp-json\/wp\/v2\/comments?post=238"}],"wp:featuredmedia":[{"embeddable":true,"href":"https:\/\/smig.org.mx\/tienda\/wp-json\/wp\/v2\/media\/426"}],"wp:attachment":[{"href":"https:\/\/smig.org.mx\/tienda\/wp-json\/wp\/v2\/media?parent=238"}],"wp:term":[{"taxonomy":"product_brand","embeddable":true,"href":"https:\/\/smig.org.mx\/tienda\/wp-json\/wp\/v2\/product_brand?post=238"},{"taxonomy":"product_cat","embeddable":true,"href":"https:\/\/smig.org.mx\/tienda\/wp-json\/wp\/v2\/product_cat?post=238"},{"taxonomy":"product_tag","embeddable":true,"href":"https:\/\/smig.org.mx\/tienda\/wp-json\/wp\/v2\/product_tag?post=238"}],"curies":[{"name":"wp","href":"https:\/\/api.w.org\/{rel}","templated":true}]}}