{"id":168,"date":"2021-07-26T22:33:41","date_gmt":"2021-07-26T22:33:41","guid":{"rendered":"http:\/\/smig.org.mx\/tienda\/?post_type=product&#038;p=168"},"modified":"2021-07-26T22:33:41","modified_gmt":"2021-07-26T22:33:41","slug":"xvii-reunion-nacional-de-mecanica-de-suelos","status":"publish","type":"product","link":"https:\/\/smig.org.mx\/tienda\/producto\/xvii-reunion-nacional-de-mecanica-de-suelos\/","title":{"rendered":"XVII REUNI\u00d3N NACIONAL DE MEC\u00c1NICA DE SUELOS"},"content":{"rendered":"<p><strong>XVII REUNI\u00d3N NACIONAL DE MEC\u00c1NICA DE SUELOS<\/strong><\/p>\n<p>XALAPA (1994) TOMO I<\/p>\n","protected":false},"excerpt":{"rendered":"<p><strong>XVII REUNI\u00d3N NACIONAL DE MEC\u00c1NICA DE SUELOS<\/strong><\/p>\n<p>XALAPA (1994) TOMO I<\/p>\n","protected":false},"featured_media":169,"comment_status":"open","ping_status":"closed","template":"","meta":{"pagelayer_contact_templates":[],"_pagelayer_content":""},"product_brand":[],"product_cat":[24],"product_tag":[],"class_list":{"0":"post-168","1":"product","2":"type-product","3":"status-publish","4":"has-post-thumbnail","6":"product_cat-reunion-nacional-de-mecanica-de-suelos","8":"first","9":"instock","10":"shipping-taxable","11":"purchasable","12":"product-type-simple"},"_links":{"self":[{"href":"https:\/\/smig.org.mx\/tienda\/wp-json\/wp\/v2\/product\/168","targetHints":{"allow":["GET"]}}],"collection":[{"href":"https:\/\/smig.org.mx\/tienda\/wp-json\/wp\/v2\/product"}],"about":[{"href":"https:\/\/smig.org.mx\/tienda\/wp-json\/wp\/v2\/types\/product"}],"replies":[{"embeddable":true,"href":"https:\/\/smig.org.mx\/tienda\/wp-json\/wp\/v2\/comments?post=168"}],"wp:featuredmedia":[{"embeddable":true,"href":"https:\/\/smig.org.mx\/tienda\/wp-json\/wp\/v2\/media\/169"}],"wp:attachment":[{"href":"https:\/\/smig.org.mx\/tienda\/wp-json\/wp\/v2\/media?parent=168"}],"wp:term":[{"taxonomy":"product_brand","embeddable":true,"href":"https:\/\/smig.org.mx\/tienda\/wp-json\/wp\/v2\/product_brand?post=168"},{"taxonomy":"product_cat","embeddable":true,"href":"https:\/\/smig.org.mx\/tienda\/wp-json\/wp\/v2\/product_cat?post=168"},{"taxonomy":"product_tag","embeddable":true,"href":"https:\/\/smig.org.mx\/tienda\/wp-json\/wp\/v2\/product_tag?post=168"}],"curies":[{"name":"wp","href":"https:\/\/api.w.org\/{rel}","templated":true}]}}