{"id":161,"date":"2021-07-26T22:22:56","date_gmt":"2021-07-26T22:22:56","guid":{"rendered":"http:\/\/smig.org.mx\/tienda\/?post_type=product&#038;p=161"},"modified":"2021-07-26T22:22:56","modified_gmt":"2021-07-26T22:22:56","slug":"xiv-reunion-nacional-de-mecanica-de-suelos","status":"publish","type":"product","link":"https:\/\/smig.org.mx\/tienda\/producto\/xiv-reunion-nacional-de-mecanica-de-suelos\/","title":{"rendered":"XIV REUNI\u00d3N NACIONAL DE MEC\u00c1NICA DE SUELOS"},"content":{"rendered":"<p><strong>XIV REUNI\u00d3N NACIONAL DE MEC\u00c1NICA DE SUELOS<\/strong><\/p>\n<p>MONTERREY, N. L. 1988 TOMO I<\/p>\n","protected":false},"excerpt":{"rendered":"<p><strong>XIV REUNI\u00d3N NACIONAL DE MEC\u00c1NICA DE SUELOS<\/strong><\/p>\n<p>MONTERREY, N. L. 1988 TOMO I<\/p>\n","protected":false},"featured_media":162,"comment_status":"open","ping_status":"closed","template":"","meta":{"pagelayer_contact_templates":[],"_pagelayer_content":""},"product_brand":[],"product_cat":[24],"product_tag":[],"class_list":{"0":"post-161","1":"product","2":"type-product","3":"status-publish","4":"has-post-thumbnail","6":"product_cat-reunion-nacional-de-mecanica-de-suelos","8":"first","9":"instock","10":"shipping-taxable","11":"purchasable","12":"product-type-simple"},"_links":{"self":[{"href":"https:\/\/smig.org.mx\/tienda\/wp-json\/wp\/v2\/product\/161","targetHints":{"allow":["GET"]}}],"collection":[{"href":"https:\/\/smig.org.mx\/tienda\/wp-json\/wp\/v2\/product"}],"about":[{"href":"https:\/\/smig.org.mx\/tienda\/wp-json\/wp\/v2\/types\/product"}],"replies":[{"embeddable":true,"href":"https:\/\/smig.org.mx\/tienda\/wp-json\/wp\/v2\/comments?post=161"}],"wp:featuredmedia":[{"embeddable":true,"href":"https:\/\/smig.org.mx\/tienda\/wp-json\/wp\/v2\/media\/162"}],"wp:attachment":[{"href":"https:\/\/smig.org.mx\/tienda\/wp-json\/wp\/v2\/media?parent=161"}],"wp:term":[{"taxonomy":"product_brand","embeddable":true,"href":"https:\/\/smig.org.mx\/tienda\/wp-json\/wp\/v2\/product_brand?post=161"},{"taxonomy":"product_cat","embeddable":true,"href":"https:\/\/smig.org.mx\/tienda\/wp-json\/wp\/v2\/product_cat?post=161"},{"taxonomy":"product_tag","embeddable":true,"href":"https:\/\/smig.org.mx\/tienda\/wp-json\/wp\/v2\/product_tag?post=161"}],"curies":[{"name":"wp","href":"https:\/\/api.w.org\/{rel}","templated":true}]}}