{"id":152,"date":"2021-07-26T22:12:42","date_gmt":"2021-07-26T22:12:42","guid":{"rendered":"http:\/\/smig.org.mx\/tienda\/?post_type=product&#038;p=152"},"modified":"2021-07-26T22:12:42","modified_gmt":"2021-07-26T22:12:42","slug":"xiii-reunion-nacional-de-mecanica-de-suelos-mazatlan","status":"publish","type":"product","link":"https:\/\/smig.org.mx\/tienda\/producto\/xiii-reunion-nacional-de-mecanica-de-suelos-mazatlan\/","title":{"rendered":"XIII REUNI\u00d3N NACIONAL DE MEC\u00c1NICA DE SUELOS, MAZATL\u00c1N"},"content":{"rendered":"<p><strong>XIII REUNI\u00d3N NACIONAL DE MEC\u00c1NICA DE SUELOS, MAZATL\u00c1N <\/strong><\/p>\n<p>(1986) TOMO II<\/p>\n","protected":false},"excerpt":{"rendered":"<p><strong>XIII REUNI\u00d3N NACIONAL DE MEC\u00c1NICA DE SUELOS, MAZATL\u00c1N <\/strong><\/p>\n<p>(1986) TOMO II<\/p>\n","protected":false},"featured_media":153,"comment_status":"open","ping_status":"closed","template":"","meta":{"pagelayer_contact_templates":[],"_pagelayer_content":""},"product_brand":[],"product_cat":[24],"product_tag":[],"class_list":{"0":"post-152","1":"product","2":"type-product","3":"status-publish","4":"has-post-thumbnail","6":"product_cat-reunion-nacional-de-mecanica-de-suelos","8":"first","9":"instock","10":"shipping-taxable","11":"purchasable","12":"product-type-simple"},"_links":{"self":[{"href":"https:\/\/smig.org.mx\/tienda\/wp-json\/wp\/v2\/product\/152","targetHints":{"allow":["GET"]}}],"collection":[{"href":"https:\/\/smig.org.mx\/tienda\/wp-json\/wp\/v2\/product"}],"about":[{"href":"https:\/\/smig.org.mx\/tienda\/wp-json\/wp\/v2\/types\/product"}],"replies":[{"embeddable":true,"href":"https:\/\/smig.org.mx\/tienda\/wp-json\/wp\/v2\/comments?post=152"}],"wp:featuredmedia":[{"embeddable":true,"href":"https:\/\/smig.org.mx\/tienda\/wp-json\/wp\/v2\/media\/153"}],"wp:attachment":[{"href":"https:\/\/smig.org.mx\/tienda\/wp-json\/wp\/v2\/media?parent=152"}],"wp:term":[{"taxonomy":"product_brand","embeddable":true,"href":"https:\/\/smig.org.mx\/tienda\/wp-json\/wp\/v2\/product_brand?post=152"},{"taxonomy":"product_cat","embeddable":true,"href":"https:\/\/smig.org.mx\/tienda\/wp-json\/wp\/v2\/product_cat?post=152"},{"taxonomy":"product_tag","embeddable":true,"href":"https:\/\/smig.org.mx\/tienda\/wp-json\/wp\/v2\/product_tag?post=152"}],"curies":[{"name":"wp","href":"https:\/\/api.w.org\/{rel}","templated":true}]}}