{"id":136,"date":"2021-07-23T20:59:05","date_gmt":"2021-07-23T20:59:05","guid":{"rendered":"http:\/\/smig.org.mx\/tienda\/?post_type=product&#038;p=136"},"modified":"2022-01-03T22:07:26","modified_gmt":"2022-01-03T22:07:26","slug":"notas-sobre-el-diseno-y-contruccion-de-cimentaciones","status":"publish","type":"product","link":"https:\/\/smig.org.mx\/tienda\/producto\/notas-sobre-el-diseno-y-contruccion-de-cimentaciones\/","title":{"rendered":"NOTAS SOBRE EL DISE\u00d1O Y CONTRUCCI\u00d3N DE CIMENTACIONES"},"content":{"rendered":"<p><strong>NOTAS SOBRE EL DISE\u00d1O Y CONTRUCCI\u00d3N DE CIMENTACIONES EN EL DISTRITO FEDERAL<\/strong> (1986)<\/p>\n<h2><span style=\"color: #ff0000;\"><a style=\"color: #ff0000;\" href=\"http:\/\/smig.org.mx\/tienda\/wp-content\/uploads\/2021\/07\/notas-sobre-el-diseno-y-contruccion-de-cimentaciones.pdf\" target=\"_blank\" rel=\"noopener\">Ver \u00edndice<\/a><\/span><\/h2>\n","protected":false},"excerpt":{"rendered":"<p><strong>NOTAS SOBRE EL DISE\u00d1O Y CONTRUCCI\u00d3N DE CIMENTACIONES EN EL DISTRITO FEDERAL<\/strong> (1986)<\/p>\n<h2><a href=\"http:\/\/smig.org.mx\/tienda\/wp-content\/uploads\/2021\/07\/notas-sobre-el-diseno-y-contruccion-de-cimentaciones.pdf\" target=\"_blank\" rel=\"noopener\"><span style=\"color: #ff0000;\">Ver \u00edndice<\/span><\/a><\/h2>\n","protected":false},"featured_media":137,"comment_status":"open","ping_status":"closed","template":"","meta":{"pagelayer_contact_templates":[],"_pagelayer_content":""},"product_brand":[],"product_cat":[16],"product_tag":[],"class_list":{"0":"post-136","1":"product","2":"type-product","3":"status-publish","4":"has-post-thumbnail","6":"product_cat-sin-categorizar","8":"first","9":"instock","10":"shipping-taxable","11":"purchasable","12":"product-type-simple"},"_links":{"self":[{"href":"https:\/\/smig.org.mx\/tienda\/wp-json\/wp\/v2\/product\/136","targetHints":{"allow":["GET"]}}],"collection":[{"href":"https:\/\/smig.org.mx\/tienda\/wp-json\/wp\/v2\/product"}],"about":[{"href":"https:\/\/smig.org.mx\/tienda\/wp-json\/wp\/v2\/types\/product"}],"replies":[{"embeddable":true,"href":"https:\/\/smig.org.mx\/tienda\/wp-json\/wp\/v2\/comments?post=136"}],"wp:featuredmedia":[{"embeddable":true,"href":"https:\/\/smig.org.mx\/tienda\/wp-json\/wp\/v2\/media\/137"}],"wp:attachment":[{"href":"https:\/\/smig.org.mx\/tienda\/wp-json\/wp\/v2\/media?parent=136"}],"wp:term":[{"taxonomy":"product_brand","embeddable":true,"href":"https:\/\/smig.org.mx\/tienda\/wp-json\/wp\/v2\/product_brand?post=136"},{"taxonomy":"product_cat","embeddable":true,"href":"https:\/\/smig.org.mx\/tienda\/wp-json\/wp\/v2\/product_cat?post=136"},{"taxonomy":"product_tag","embeddable":true,"href":"https:\/\/smig.org.mx\/tienda\/wp-json\/wp\/v2\/product_tag?post=136"}],"curies":[{"name":"wp","href":"https:\/\/api.w.org\/{rel}","templated":true}]}}