{"id":130,"date":"2021-07-23T20:43:23","date_gmt":"2021-07-23T20:43:23","guid":{"rendered":"http:\/\/smig.org.mx\/tienda\/?post_type=product&#038;p=130"},"modified":"2021-08-12T19:40:31","modified_gmt":"2021-08-12T19:40:31","slug":"vigesimocuarta-conferencia-nabor-carrillo","status":"publish","type":"product","link":"https:\/\/smig.org.mx\/tienda\/producto\/vigesimocuarta-conferencia-nabor-carrillo\/","title":{"rendered":"VIGESIMOCUARTA CONFERENCIA NABOR CARRILLO"},"content":{"rendered":"<p><strong>VIGESIMOCUARTA CONFERENCIA NABOR CARRILLO FLORES<\/strong><br \/>\nSTEVEN L. KRAMER, \u201cDise\u00f1o basado en el comportamiento en la ingenier\u00eda geot\u00e9cnica s\u00edsmica\u201d (2018)<\/p>\n","protected":false},"excerpt":{"rendered":"<p><strong>VIGESIMOCUARTA CONFERENCIA NABOR CARRILLO FLORES<\/strong><br \/>\nSTEVEN L. KRAMER, \u201cDise\u00f1o basado en el comportamiento en la ingenier\u00eda geot\u00e9cnica s\u00edsmica\u201d (2018)<\/p>\n","protected":false},"featured_media":131,"comment_status":"open","ping_status":"closed","template":"","meta":{"pagelayer_contact_templates":[],"_pagelayer_content":""},"product_brand":[],"product_cat":[20,28],"product_tag":[],"class_list":{"0":"post-130","1":"product","2":"type-product","3":"status-publish","4":"has-post-thumbnail","6":"product_cat-conferencias-nabor-carrillo","7":"product_cat-top-10","9":"first","10":"instock","11":"shipping-taxable","12":"purchasable","13":"product-type-simple"},"_links":{"self":[{"href":"https:\/\/smig.org.mx\/tienda\/wp-json\/wp\/v2\/product\/130","targetHints":{"allow":["GET"]}}],"collection":[{"href":"https:\/\/smig.org.mx\/tienda\/wp-json\/wp\/v2\/product"}],"about":[{"href":"https:\/\/smig.org.mx\/tienda\/wp-json\/wp\/v2\/types\/product"}],"replies":[{"embeddable":true,"href":"https:\/\/smig.org.mx\/tienda\/wp-json\/wp\/v2\/comments?post=130"}],"wp:featuredmedia":[{"embeddable":true,"href":"https:\/\/smig.org.mx\/tienda\/wp-json\/wp\/v2\/media\/131"}],"wp:attachment":[{"href":"https:\/\/smig.org.mx\/tienda\/wp-json\/wp\/v2\/media?parent=130"}],"wp:term":[{"taxonomy":"product_brand","embeddable":true,"href":"https:\/\/smig.org.mx\/tienda\/wp-json\/wp\/v2\/product_brand?post=130"},{"taxonomy":"product_cat","embeddable":true,"href":"https:\/\/smig.org.mx\/tienda\/wp-json\/wp\/v2\/product_cat?post=130"},{"taxonomy":"product_tag","embeddable":true,"href":"https:\/\/smig.org.mx\/tienda\/wp-json\/wp\/v2\/product_tag?post=130"}],"curies":[{"name":"wp","href":"https:\/\/api.w.org\/{rel}","templated":true}]}}